{"id":334,"date":"2017-07-05T12:59:42","date_gmt":"2017-07-05T12:59:42","guid":{"rendered":"https:\/\/agence-plage-lac.com\/v1\/?page_id=334"},"modified":"2025-02-12T07:40:43","modified_gmt":"2025-02-12T07:40:43","slug":"agence","status":"publish","type":"page","link":"https:\/\/agence-plage-lac.com\/v1\/agence\/","title":{"rendered":"L&#8217;Agence"},"content":{"rendered":"<div class=\"wpb-content-wrapper\"><p>[vc_row][vc_column offset=&#8221;vc_col-lg-offset-0 vc_col-lg-12 vc_col-md-offset-2 vc_col-sm-offset-2&#8243;]<div id=\"sc_title_1288825122\"\n\t\tclass=\"sc_title color_style_default sc_title_default  vc_custom_1738073624465\"><h6 class=\"sc_item_subtitle sc_title_subtitle sc_align_center sc_item_title_style_default\">Bienvenue dans votre agence de location saisonni\u00e8re<\/h6><h3 class=\"sc_item_title sc_title_title sc_align_center sc_item_title_style_default\">Quelques mots sur nos services<\/h3><\/div><!-- \/.sc_title -->[vc_column_text css=&#8221;.vc_custom_1738073661204{margin-top: 40px !important;}&#8221;]Chez Agence Plage&amp;Lac, nous transformons vos vacances en une exp\u00e9rience unique et inoubliable. Sp\u00e9cialis\u00e9s dans la location saisonni\u00e8re, nous proposons une s\u00e9lection exclusive de logements adapt\u00e9s \u00e0 tous les go\u00fbts et \u00e0 toutes les envies : villas de charme, appartements modernes, cosy ou maisons avec piscine.<\/p>\n<p>Notre engagement ? Vous offrir des h\u00e9bergements soigneusement s\u00e9lectionn\u00e9s pour leur confort, leur emplacement et leur authenticit\u00e9. Que vous planifiiez un s\u00e9jour en bord de mer, ou lac, nous sommes l\u00e0 pour vous accompagner \u00e0 chaque \u00e9tape.<\/p>\n<p>Gr\u00e2ce \u00e0 notre service personnalis\u00e9, nous nous assurons que vos besoins soient pleinement satisfaits, pour que vous puissiez vous concentrer sur ce qui compte vraiment : profiter de vos vacances.<\/p>\n<p>Faites confiance \u00e0 notre expertise pour des s\u00e9jours r\u00e9ussis et laissez-nous vous aider \u00e0 cr\u00e9er des souvenirs pr\u00e9cieux. D\u00e9couvrez d\u00e8s maintenant nos offres et pr\u00e9parez votre prochaine escapade avec s\u00e9r\u00e9nit\u00e9 !<\/p>\n<p>Avec nous, chaque voyage devient une exp\u00e9rience inoubliable.[\/vc_column_text][vc_empty_space alter_height=&#8221;small&#8221; hide_on_mobile=&#8221;&#8221; css=&#8221;.vc_custom_1505303476168{margin-bottom: 1.5rem !important;}&#8221;][\/vc_column][\/vc_row]<\/p>\n<\/div>","protected":false},"excerpt":{"rendered":"<p>[vc_row][vc_column offset=&#8221;vc_col-lg-offset-0 vc_col-lg-12 vc_col-md-offset-2 vc_col-sm-offset-2&#8243;][vc_column_text css=&#8221;.vc_custom_1738073661204{margin-top: 40px !important;}&#8221;]Chez Agence Plage&amp;Lac, nous transformons vos vacances en une exp\u00e9rience unique et inoubliable. Sp\u00e9cialis\u00e9s dans la location saisonni\u00e8re, nous proposons une s\u00e9lection exclusive de logements adapt\u00e9s \u00e0 tous les go\u00fbts et \u00e0 toutes&hellip;<\/p>\n","protected":false},"author":1,"featured_media":0,"parent":0,"menu_order":0,"comment_status":"closed","ping_status":"closed","template":"","meta":{"footnotes":""},"class_list":["post-334","page","type-page","status-publish","hentry"],"_links":{"self":[{"href":"https:\/\/agence-plage-lac.com\/v1\/wp-json\/wp\/v2\/pages\/334","targetHints":{"allow":["GET"]}}],"collection":[{"href":"https:\/\/agence-plage-lac.com\/v1\/wp-json\/wp\/v2\/pages"}],"about":[{"href":"https:\/\/agence-plage-lac.com\/v1\/wp-json\/wp\/v2\/types\/page"}],"author":[{"embeddable":true,"href":"https:\/\/agence-plage-lac.com\/v1\/wp-json\/wp\/v2\/users\/1"}],"replies":[{"embeddable":true,"href":"https:\/\/agence-plage-lac.com\/v1\/wp-json\/wp\/v2\/comments?post=334"}],"version-history":[{"count":13,"href":"https:\/\/agence-plage-lac.com\/v1\/wp-json\/wp\/v2\/pages\/334\/revisions"}],"predecessor-version":[{"id":1489,"href":"https:\/\/agence-plage-lac.com\/v1\/wp-json\/wp\/v2\/pages\/334\/revisions\/1489"}],"wp:attachment":[{"href":"https:\/\/agence-plage-lac.com\/v1\/wp-json\/wp\/v2\/media?parent=334"}],"curies":[{"name":"wp","href":"https:\/\/api.w.org\/{rel}","templated":true}]}}