{"id":852,"date":"2019-01-30T12:29:34","date_gmt":"2019-01-30T12:29:34","guid":{"rendered":"https:\/\/agence-plage-lac.com\/v1\/?page_id=852"},"modified":"2025-04-16T06:47:54","modified_gmt":"2025-04-16T06:47:54","slug":"mentions-legales","status":"publish","type":"page","link":"https:\/\/agence-plage-lac.com\/v1\/mentions-legales\/","title":{"rendered":"Mentions l\u00e9gales"},"content":{"rendered":"<div class=\"wpb-content-wrapper\"><p>[vc_row hide_bg_image_on_tablet=&#8221;&#8221; hide_bg_image_on_mobile=&#8221;&#8221; css=&#8221;.vc_custom_1527690588959{background-color: #f7f8f9 !important;}&#8221;][vc_column icons_position=&#8221;left&#8221;][vc_empty_space height=&#8221;4em&#8221; alter_height=&#8221;none&#8221; hide_on_mobile=&#8221;&#8221; hide_on_desktop=&#8221;&#8221; hide_on_notebook=&#8221;&#8221; hide_on_tablet=&#8221;&#8221;]<div id=\"sc_content_1072837429\"\n\t\tclass=\"sc_content color_style_default sc_content_default sc_float_center p70\"><div class=\"sc_content_container\">[vc_column_text css=&#8221;&#8221;]<\/p>\n<h5>1. INTRODUCTION<\/h5>\n<p>L&#8217;ensemble de ce site rel\u00e8ve des l\u00e9gislations fran\u00e7aise et internationale sur le droit d&#8217;auteur et la propri\u00e9t\u00e9 intellectuelle. Tous les droits de reproduction sont r\u00e9serv\u00e9s, y compris pour les documents iconographiques et photographiques.[\/vc_column_text]<\/div><\/div><!-- \/.sc_content -->[vc_empty_space height=&#8221;4em&#8221; alter_height=&#8221;none&#8221; hide_on_mobile=&#8221;&#8221; hide_on_desktop=&#8221;&#8221; hide_on_notebook=&#8221;&#8221; hide_on_tablet=&#8221;&#8221;][\/vc_column][\/vc_row][vc_row][vc_column icons_position=&#8221;left&#8221;][vc_empty_space height=&#8221;70px&#8221; alter_height=&#8221;none&#8221; hide_on_mobile=&#8221;&#8221; hide_on_desktop=&#8221;&#8221; hide_on_notebook=&#8221;&#8221; hide_on_tablet=&#8221;&#8221;][\/vc_column][\/vc_row][vc_row hide_bg_image_on_tablet=&#8221;&#8221; hide_bg_image_on_mobile=&#8221;&#8221; css=&#8221;.vc_custom_1527690597112{background-color: #f7f8f9 !important;}&#8221;][vc_column icons_position=&#8221;left&#8221;][vc_empty_space height=&#8221;4em&#8221; alter_height=&#8221;none&#8221; hide_on_mobile=&#8221;&#8221; hide_on_desktop=&#8221;&#8221; hide_on_notebook=&#8221;&#8221; hide_on_tablet=&#8221;&#8221;]<div id=\"sc_content_1950082103\"\n\t\tclass=\"sc_content color_style_default sc_content_default sc_float_center p70\"><div class=\"sc_content_container\">[vc_column_text css=&#8221;&#8221;]<\/p>\n<h5>2. POPRIETAIRE DU SITE<\/h5>\n<p>Ce site est la propri\u00e9t\u00e9 de l&#8217;Agence Plage &amp; Lac<br \/>\nSAS au capital de 2500 euros<br \/>\nSi\u00e8ge social : 23 rue du serporat &#8211; 33800 Bordeaux<br \/>\nNum\u00e9ro SIRET : 940 511 744 00010<br \/>\nNumero de carte G : CPI 3301 2025 000 000045<br \/>\nAssurance N\u00b0ORIAS 07 027 296 ( BORDEAUX COURTAGE ASSCES )<br \/>\nT\u00e9l\u00e9phone : 07 83 53 26 02<br \/>\nEmail : infos@agence-plage-lac.com[\/vc_column_text]<\/div><\/div><!-- \/.sc_content -->[vc_empty_space height=&#8221;4em&#8221; alter_height=&#8221;none&#8221; hide_on_mobile=&#8221;&#8221; hide_on_desktop=&#8221;&#8221; hide_on_notebook=&#8221;&#8221; hide_on_tablet=&#8221;&#8221;][\/vc_column][\/vc_row][vc_row][vc_column icons_position=&#8221;left&#8221;][vc_empty_space height=&#8221;70px&#8221; alter_height=&#8221;none&#8221; hide_on_mobile=&#8221;&#8221; hide_on_desktop=&#8221;&#8221; hide_on_notebook=&#8221;&#8221; hide_on_tablet=&#8221;&#8221;][\/vc_column][\/vc_row][vc_row hide_bg_image_on_tablet=&#8221;&#8221; hide_bg_image_on_mobile=&#8221;&#8221; css=&#8221;.vc_custom_1527690601612{background-color: #f7f8f9 !important;}&#8221;][vc_column icons_position=&#8221;left&#8221;][vc_empty_space height=&#8221;4em&#8221; alter_height=&#8221;none&#8221; hide_on_mobile=&#8221;&#8221; hide_on_desktop=&#8221;&#8221; hide_on_notebook=&#8221;&#8221; hide_on_tablet=&#8221;&#8221;]<div id=\"sc_content_1972280282\"\n\t\tclass=\"sc_content color_style_default sc_content_default sc_float_center p70\"><div class=\"sc_content_container\">[vc_column_text css=&#8221;&#8221;]<\/p>\n<h5>3. DIRECTEUR DE PUBLICATION<\/h5>\n<p>Le directeur de publication est Monsieur David Gilbert, g\u00e9rant de la soci\u00e9t\u00e9.[\/vc_column_text]<\/div><\/div><!-- \/.sc_content -->[vc_empty_space height=&#8221;4em&#8221; alter_height=&#8221;none&#8221; hide_on_mobile=&#8221;&#8221; hide_on_desktop=&#8221;&#8221; hide_on_notebook=&#8221;&#8221; hide_on_tablet=&#8221;&#8221;][\/vc_column][\/vc_row][vc_row][vc_column icons_position=&#8221;left&#8221;][vc_empty_space height=&#8221;70px&#8221; alter_height=&#8221;none&#8221; hide_on_mobile=&#8221;&#8221; hide_on_desktop=&#8221;&#8221; hide_on_notebook=&#8221;&#8221; hide_on_tablet=&#8221;&#8221;][\/vc_column][\/vc_row][vc_row hide_bg_image_on_tablet=&#8221;&#8221; hide_bg_image_on_mobile=&#8221;&#8221; css=&#8221;.vc_custom_1527690606563{background-color: #f7f8f9 !important;}&#8221;][vc_column icons_position=&#8221;left&#8221;][vc_empty_space height=&#8221;4em&#8221; alter_height=&#8221;none&#8221; hide_on_mobile=&#8221;&#8221; hide_on_desktop=&#8221;&#8221; hide_on_notebook=&#8221;&#8221; hide_on_tablet=&#8221;&#8221;]<div id=\"sc_content_868670524\"\n\t\tclass=\"sc_content color_style_default sc_content_default sc_float_center p70\"><div class=\"sc_content_container\">[vc_column_text css=&#8221;&#8221;]<\/p>\n<h5>3. HEBERGEMENT<\/h5>\n<p>Ce site est h\u00e9berg\u00e9 par la soci\u00e9t\u00e9 OVH<br \/>\nRCS Lille M\u00e9tropole 424 761 419 00045<br \/>\nCode APE 2620Z<br \/>\nN\u00b0 TVA : FR 22 424 761 419[\/vc_column_text]<\/div><\/div><!-- \/.sc_content -->[vc_empty_space height=&#8221;4em&#8221; alter_height=&#8221;none&#8221; hide_on_mobile=&#8221;&#8221; hide_on_desktop=&#8221;&#8221; hide_on_notebook=&#8221;&#8221; hide_on_tablet=&#8221;&#8221;][\/vc_column][\/vc_row][vc_row][vc_column icons_position=&#8221;left&#8221;][vc_empty_space height=&#8221;70px&#8221; alter_height=&#8221;none&#8221; hide_on_mobile=&#8221;&#8221; hide_on_desktop=&#8221;&#8221; hide_on_notebook=&#8221;&#8221; hide_on_tablet=&#8221;&#8221;][\/vc_column][\/vc_row][vc_row hide_bg_image_on_tablet=&#8221;&#8221; hide_bg_image_on_mobile=&#8221;&#8221; css=&#8221;.vc_custom_1527690611459{background-color: #f7f8f9 !important;}&#8221;][vc_column icons_position=&#8221;left&#8221;][vc_empty_space height=&#8221;4em&#8221; alter_height=&#8221;none&#8221; hide_on_mobile=&#8221;&#8221; hide_on_desktop=&#8221;&#8221; hide_on_notebook=&#8221;&#8221; hide_on_tablet=&#8221;&#8221;]<div id=\"sc_content_907337165\"\n\t\tclass=\"sc_content color_style_default sc_content_default sc_float_center p70\"><div class=\"sc_content_container\">[vc_column_text css=&#8221;&#8221;]<\/p>\n<h5>5. PROPRIETE INTELLECTUELLE<\/h5>\n<p>Le contenu du site agence-plage-lac.com (textes, photos, logos, graphiques, etc.) est prot\u00e9g\u00e9 par le droit de la propri\u00e9t\u00e9 intellectuelle. Toute reproduction, repr\u00e9sentation, modification ou exploitation partielle ou totale de ce contenu sans autorisation pr\u00e9alable de l&#8217;Agence Plage &amp; Lac est strictement interdite.[\/vc_column_text]<\/div><\/div><!-- \/.sc_content -->[vc_empty_space height=&#8221;4em&#8221; alter_height=&#8221;none&#8221; hide_on_mobile=&#8221;&#8221; hide_on_desktop=&#8221;&#8221; hide_on_notebook=&#8221;&#8221; hide_on_tablet=&#8221;&#8221;][\/vc_column][\/vc_row][vc_row][vc_column icons_position=&#8221;left&#8221;][vc_empty_space height=&#8221;70px&#8221; alter_height=&#8221;none&#8221; hide_on_mobile=&#8221;&#8221; hide_on_desktop=&#8221;&#8221; hide_on_notebook=&#8221;&#8221; hide_on_tablet=&#8221;&#8221;][\/vc_column][\/vc_row][vc_row hide_bg_image_on_tablet=&#8221;&#8221; hide_bg_image_on_mobile=&#8221;&#8221; css=&#8221;.vc_custom_1527690611459{background-color: #f7f8f9 !important;}&#8221;][vc_column icons_position=&#8221;left&#8221;][vc_empty_space height=&#8221;4em&#8221; alter_height=&#8221;none&#8221; hide_on_mobile=&#8221;&#8221; hide_on_desktop=&#8221;&#8221; hide_on_notebook=&#8221;&#8221; hide_on_tablet=&#8221;&#8221;]<div id=\"sc_content_1408847406\"\n\t\tclass=\"sc_content color_style_default sc_content_default sc_float_center p70\"><div class=\"sc_content_container\">[vc_column_text css=&#8221;&#8221;]<\/p>\n<h5>6. DONNEES PERSONNELLES<\/h5>\n<p>En conformit\u00e9 avec la loi Informatique et Libert\u00e9s du 6 janvier 1978 modifi\u00e9e, vous disposez d&#8217;un droit d&#8217;acc\u00e8s, de rectification et de suppression des donn\u00e9es personnelles vous concernant. Pour exercer ce droit, vous pouvez nous contacter \u00e0 l&#8217;adresse suivante : infos@agence-plage-lac.com.[\/vc_column_text]<\/div><\/div><!-- \/.sc_content -->[vc_empty_space height=&#8221;4em&#8221; alter_height=&#8221;none&#8221; hide_on_mobile=&#8221;&#8221; hide_on_desktop=&#8221;&#8221; hide_on_notebook=&#8221;&#8221; hide_on_tablet=&#8221;&#8221;][\/vc_column][\/vc_row][vc_row][vc_column icons_position=&#8221;left&#8221;][vc_empty_space height=&#8221;70px&#8221; alter_height=&#8221;none&#8221; hide_on_mobile=&#8221;&#8221; hide_on_desktop=&#8221;&#8221; hide_on_notebook=&#8221;&#8221; hide_on_tablet=&#8221;&#8221;][\/vc_column][\/vc_row][vc_row hide_bg_image_on_tablet=&#8221;&#8221; hide_bg_image_on_mobile=&#8221;&#8221; css=&#8221;.vc_custom_1527690611459{background-color: #f7f8f9 !important;}&#8221;][vc_column icons_position=&#8221;left&#8221;][vc_empty_space height=&#8221;4em&#8221; alter_height=&#8221;none&#8221; hide_on_mobile=&#8221;&#8221; hide_on_desktop=&#8221;&#8221; hide_on_notebook=&#8221;&#8221; hide_on_tablet=&#8221;&#8221;]<div id=\"sc_content_996747397\"\n\t\tclass=\"sc_content color_style_default sc_content_default sc_float_center p70\"><div class=\"sc_content_container\">[vc_column_text css=&#8221;&#8221;]<\/p>\n<h5>7. COOKIES<\/h5>\n<p>Le site agence-plage-lac.com utilise des cookies pour am\u00e9liorer votre exp\u00e9rience utilisateur. Vous pouvez choisir de d\u00e9sactiver les cookies en modifiant les param\u00e8tres de votre navigateur.[\/vc_column_text]<\/div><\/div><!-- \/.sc_content -->[vc_empty_space height=&#8221;4em&#8221; alter_height=&#8221;none&#8221; hide_on_mobile=&#8221;&#8221; hide_on_desktop=&#8221;&#8221; hide_on_notebook=&#8221;&#8221; hide_on_tablet=&#8221;&#8221;][\/vc_column][\/vc_row][vc_row][vc_column icons_position=&#8221;left&#8221;][vc_empty_space height=&#8221;70px&#8221; alter_height=&#8221;none&#8221; hide_on_mobile=&#8221;&#8221; hide_on_desktop=&#8221;&#8221; hide_on_notebook=&#8221;&#8221; hide_on_tablet=&#8221;&#8221;][\/vc_column][\/vc_row][vc_row hide_bg_image_on_tablet=&#8221;&#8221; hide_bg_image_on_mobile=&#8221;&#8221; css=&#8221;.vc_custom_1527690611459{background-color: #f7f8f9 !important;}&#8221;][vc_column icons_position=&#8221;left&#8221;][vc_empty_space height=&#8221;4em&#8221; alter_height=&#8221;none&#8221; hide_on_mobile=&#8221;&#8221; hide_on_desktop=&#8221;&#8221; hide_on_notebook=&#8221;&#8221; hide_on_tablet=&#8221;&#8221;]<div id=\"sc_content_427403537\"\n\t\tclass=\"sc_content color_style_default sc_content_default sc_float_center p70\"><div class=\"sc_content_container\">[vc_column_text css=&#8221;&#8221;]<\/p>\n<h5>8. RESPONSABILITE<\/h5>\n<p>L&#8217;agence plage et lac ne pourra \u00eatre tenu responsable des dommages directs ou indirects r\u00e9sultant de l&#8217;acc\u00e8s ou de l&#8217;utilisation de ce site, ainsi que des informations y figurant.[\/vc_column_text]<\/div><\/div><!-- \/.sc_content -->[vc_empty_space height=&#8221;4em&#8221; alter_height=&#8221;none&#8221; hide_on_mobile=&#8221;&#8221; hide_on_desktop=&#8221;&#8221; hide_on_notebook=&#8221;&#8221; hide_on_tablet=&#8221;&#8221;][\/vc_column][\/vc_row][vc_row][vc_column icons_position=&#8221;left&#8221;][vc_empty_space height=&#8221;70px&#8221; alter_height=&#8221;none&#8221; hide_on_mobile=&#8221;&#8221; hide_on_desktop=&#8221;&#8221; hide_on_notebook=&#8221;&#8221; hide_on_tablet=&#8221;&#8221;][\/vc_column][\/vc_row][vc_row hide_bg_image_on_tablet=&#8221;&#8221; hide_bg_image_on_mobile=&#8221;&#8221; css=&#8221;.vc_custom_1527690611459{background-color: #f7f8f9 !important;}&#8221;][vc_column icons_position=&#8221;left&#8221;][vc_empty_space height=&#8221;4em&#8221; alter_height=&#8221;none&#8221; hide_on_mobile=&#8221;&#8221; hide_on_desktop=&#8221;&#8221; hide_on_notebook=&#8221;&#8221; hide_on_tablet=&#8221;&#8221;]<div id=\"sc_content_2000838991\"\n\t\tclass=\"sc_content color_style_default sc_content_default sc_float_center p70\"><div class=\"sc_content_container\">[vc_column_text css=&#8221;&#8221;]<\/p>\n<h5>9. DROIT APPLICABLE<\/h5>\n<p>Les pr\u00e9sentes mentions l\u00e9gales sont r\u00e9gies par la loi fran\u00e7aise. En cas de litige, les tribunaux fran\u00e7ais seront comp\u00e9tents.[\/vc_column_text]<\/div><\/div><!-- \/.sc_content -->[vc_empty_space height=&#8221;4em&#8221; alter_height=&#8221;none&#8221; hide_on_mobile=&#8221;&#8221; hide_on_desktop=&#8221;&#8221; hide_on_notebook=&#8221;&#8221; hide_on_tablet=&#8221;&#8221;][\/vc_column][\/vc_row]<\/p>\n<\/div>","protected":false},"excerpt":{"rendered":"<p>[vc_row hide_bg_image_on_tablet=&#8221;&#8221; hide_bg_image_on_mobile=&#8221;&#8221; css=&#8221;.vc_custom_1527690588959{background-color: #f7f8f9 !important;}&#8221;][vc_column icons_position=&#8221;left&#8221;][vc_empty_space height=&#8221;4em&#8221; alter_height=&#8221;none&#8221; hide_on_mobile=&#8221;&#8221; hide_on_desktop=&#8221;&#8221; hide_on_notebook=&#8221;&#8221; hide_on_tablet=&#8221;&#8221;][vc_empty_space height=&#8221;4em&#8221; alter_height=&#8221;none&#8221; hide_on_mobile=&#8221;&#8221; hide_on_desktop=&#8221;&#8221; hide_on_notebook=&#8221;&#8221; hide_on_tablet=&#8221;&#8221;][\/vc_column][\/vc_row][vc_row][vc_column icons_position=&#8221;left&#8221;][vc_empty_space height=&#8221;70px&#8221; alter_height=&#8221;none&#8221; hide_on_mobile=&#8221;&#8221; hide_on_desktop=&#8221;&#8221; hide_on_notebook=&#8221;&#8221; hide_on_tablet=&#8221;&#8221;][\/vc_column][\/vc_row][vc_row hide_bg_image_on_tablet=&#8221;&#8221; hide_bg_image_on_mobile=&#8221;&#8221; css=&#8221;.vc_custom_1527690597112{background-color: #f7f8f9 !important;}&#8221;][vc_column icons_position=&#8221;left&#8221;][vc_empty_space height=&#8221;4em&#8221; alter_height=&#8221;none&#8221; hide_on_mobile=&#8221;&#8221; hide_on_desktop=&#8221;&#8221; hide_on_notebook=&#8221;&#8221; hide_on_tablet=&#8221;&#8221;][vc_empty_space height=&#8221;4em&#8221; alter_height=&#8221;none&#8221;&hellip;<\/p>\n","protected":false},"author":1,"featured_media":0,"parent":0,"menu_order":0,"comment_status":"closed","ping_status":"closed","template":"","meta":{"footnotes":""},"class_list":["post-852","page","type-page","status-publish","hentry"],"_links":{"self":[{"href":"https:\/\/agence-plage-lac.com\/v1\/wp-json\/wp\/v2\/pages\/852","targetHints":{"allow":["GET"]}}],"collection":[{"href":"https:\/\/agence-plage-lac.com\/v1\/wp-json\/wp\/v2\/pages"}],"about":[{"href":"https:\/\/agence-plage-lac.com\/v1\/wp-json\/wp\/v2\/types\/page"}],"author":[{"embeddable":true,"href":"https:\/\/agence-plage-lac.com\/v1\/wp-json\/wp\/v2\/users\/1"}],"replies":[{"embeddable":true,"href":"https:\/\/agence-plage-lac.com\/v1\/wp-json\/wp\/v2\/comments?post=852"}],"version-history":[{"count":12,"href":"https:\/\/agence-plage-lac.com\/v1\/wp-json\/wp\/v2\/pages\/852\/revisions"}],"predecessor-version":[{"id":11693,"href":"https:\/\/agence-plage-lac.com\/v1\/wp-json\/wp\/v2\/pages\/852\/revisions\/11693"}],"wp:attachment":[{"href":"https:\/\/agence-plage-lac.com\/v1\/wp-json\/wp\/v2\/media?parent=852"}],"curies":[{"name":"wp","href":"https:\/\/api.w.org\/{rel}","templated":true}]}}